{"id":34,"date":"2016-10-28T05:20:25","date_gmt":"2016-10-28T05:20:25","guid":{"rendered":"http:\/\/ferienwohnung-freital-bei-dresden.de\/?page_id=34"},"modified":"2016-11-01T13:11:26","modified_gmt":"2016-11-01T13:11:26","slug":"startseite","status":"publish","type":"page","link":"https:\/\/ferienwohnung-freital-bei-dresden.de\/","title":{"rendered":"Startseite"},"content":{"rendered":"<p><!--more--><\/p>\n<p><strong>Herzlich Willkommen in unserer modernen Ferienwohnung vor Dresdens Toren.<\/strong><\/p>\n<p>Genie\u00dfen Sie Ihren Aufenthalt in unmittelbarer N\u00e4he zu Dresden, dem Erzgebirge und der s\u00e4chsischen Schweiz.<\/p>\n<p>Unsere Ferienwohnung befindet sich im Erdgeschoss.<\/p>\n","protected":false},"excerpt":{"rendered":"","protected":false},"author":1,"featured_media":29,"parent":0,"menu_order":0,"comment_status":"closed","ping_status":"closed","template":"","meta":{"footnotes":""},"class_list":["post-34","page","type-page","status-publish","has-post-thumbnail","hentry"],"_links":{"self":[{"href":"https:\/\/ferienwohnung-freital-bei-dresden.de\/index.php?rest_route=\/wp\/v2\/pages\/34","targetHints":{"allow":["GET"]}}],"collection":[{"href":"https:\/\/ferienwohnung-freital-bei-dresden.de\/index.php?rest_route=\/wp\/v2\/pages"}],"about":[{"href":"https:\/\/ferienwohnung-freital-bei-dresden.de\/index.php?rest_route=\/wp\/v2\/types\/page"}],"author":[{"embeddable":true,"href":"https:\/\/ferienwohnung-freital-bei-dresden.de\/index.php?rest_route=\/wp\/v2\/users\/1"}],"replies":[{"embeddable":true,"href":"https:\/\/ferienwohnung-freital-bei-dresden.de\/index.php?rest_route=%2Fwp%2Fv2%2Fcomments&post=34"}],"version-history":[{"count":9,"href":"https:\/\/ferienwohnung-freital-bei-dresden.de\/index.php?rest_route=\/wp\/v2\/pages\/34\/revisions"}],"predecessor-version":[{"id":64,"href":"https:\/\/ferienwohnung-freital-bei-dresden.de\/index.php?rest_route=\/wp\/v2\/pages\/34\/revisions\/64"}],"wp:featuredmedia":[{"embeddable":true,"href":"https:\/\/ferienwohnung-freital-bei-dresden.de\/index.php?rest_route=\/wp\/v2\/media\/29"}],"wp:attachment":[{"href":"https:\/\/ferienwohnung-freital-bei-dresden.de\/index.php?rest_route=%2Fwp%2Fv2%2Fmedia&parent=34"}],"curies":[{"name":"wp","href":"https:\/\/api.w.org\/{rel}","templated":true}]}}