{"id":7,"date":"2016-10-17T14:37:16","date_gmt":"2016-10-17T14:37:16","guid":{"rendered":"http:\/\/ferienwohnung-freital-bei-dresden.de\/?page_id=7"},"modified":"2022-10-05T07:26:10","modified_gmt":"2022-10-05T07:26:10","slug":"preise","status":"publish","type":"page","link":"https:\/\/ferienwohnung-freital-bei-dresden.de\/?page_id=7","title":{"rendered":"Ferienwohnung"},"content":{"rendered":"<p><!--more-->Unsere modern eingerichtete Ferienwohnung vor den Toren von Dresden wurde 2016 fertiggestellt.<\/p>\n<ul>\n<li style=\"text-align: left;\">Gr\u00f6\u00dfe: 40 m\u00b2<\/li>\n<li style=\"text-align: left;\">Schlafzimmer mit Doppelbett, Kleiderschrank mit gro\u00dfem Spiegel<\/li>\n<li style=\"text-align: left;\">Wohnzimmer mit Kamin, Sat-TV, Radio<\/li>\n<li style=\"text-align: left;\">K\u00fcche mit 2 Kochstellen, K\u00fchlschrank mit Gefrierfach, Geschirrsp\u00fcler, Kaffeemaschine, Toaster, Mikrowelle mit Backfunktion,<\/li>\n<li style=\"text-align: left;\">Dusche\/WC mit F\u00f6n<\/li>\n<li style=\"text-align: left;\">Garten mit Strandkorb kann genutzt werden<\/li>\n<li style=\"text-align: left;\">Pkw-Stellplatz<\/li>\n<li style=\"text-align: left;\">Babybett auf Anfrage<\/li>\n<li style=\"text-align: left;\">Nichtraucher-Wohnung<\/li>\n<li style=\"text-align: left;\">Preis f\u00fcr zwei Personen pro Nacht 60 Euro (inklusive W\u00e4scheerstausstattung) plus 25 Euro Endreinigung<\/li>\n<\/ul>\n\n\t\t<style type=\"text\/css\">\n\t\t\t#gallery-1 {\n\t\t\t\tmargin: auto;\n\t\t\t}\n\t\t\t#gallery-1 .gallery-item {\n\t\t\t\tfloat: left;\n\t\t\t\tmargin-top: 10px;\n\t\t\t\ttext-align: center;\n\t\t\t\twidth: 33%;\n\t\t\t}\n\t\t\t#gallery-1 img {\n\t\t\t\tborder: 2px solid #cfcfcf;\n\t\t\t}\n\t\t\t#gallery-1 .gallery-caption {\n\t\t\t\tmargin-left: 0;\n\t\t\t}\n\t\t\t\/* see gallery_shortcode() in wp-includes\/media.php *\/\n\t\t<\/style>\n\t\t<div id='gallery-1' class='gallery galleryid-7 gallery-columns-3 gallery-size-thumbnail'><dl class='gallery-item'>\n\t\t\t<dt class='gallery-icon landscape'>\n\t\t\t\t<a href='https:\/\/ferienwohnung-freital-bei-dresden.de\/?attachment_id=29'><img loading=\"lazy\" decoding=\"async\" width=\"150\" height=\"150\" src=\"https:\/\/ferienwohnung-freital-bei-dresden.de\/wp-content\/uploads\/2016\/10\/image5-150x150.jpg\" class=\"attachment-thumbnail size-thumbnail\" alt=\"\" aria-describedby=\"gallery-1-29\" \/><\/a>\n\t\t\t<\/dt>\n\t\t\t\t<dd class='wp-caption-text gallery-caption' id='gallery-1-29'>\n\t\t\t\tIhre Vermieterin \n\t\t\t\t<\/dd><\/dl><dl class='gallery-item'>\n\t\t\t<dt class='gallery-icon landscape'>\n\t\t\t\t<a href='https:\/\/ferienwohnung-freital-bei-dresden.de\/?attachment_id=20#main'><img loading=\"lazy\" decoding=\"async\" width=\"150\" height=\"150\" src=\"https:\/\/ferienwohnung-freital-bei-dresden.de\/wp-content\/uploads\/2016\/10\/01-150x150.jpg\" class=\"attachment-thumbnail size-thumbnail\" alt=\"\" \/><\/a>\n\t\t\t<\/dt><\/dl><dl class='gallery-item'>\n\t\t\t<dt class='gallery-icon landscape'>\n\t\t\t\t<a href='https:\/\/ferienwohnung-freital-bei-dresden.de\/?attachment_id=21#main'><img loading=\"lazy\" decoding=\"async\" width=\"150\" height=\"150\" src=\"https:\/\/ferienwohnung-freital-bei-dresden.de\/wp-content\/uploads\/2016\/10\/02-150x150.jpg\" class=\"attachment-thumbnail size-thumbnail\" alt=\"\" \/><\/a>\n\t\t\t<\/dt><\/dl><br style=\"clear: both\" \/><dl class='gallery-item'>\n\t\t\t<dt class='gallery-icon landscape'>\n\t\t\t\t<a href='https:\/\/ferienwohnung-freital-bei-dresden.de\/?attachment_id=23#main'><img loading=\"lazy\" decoding=\"async\" width=\"150\" height=\"150\" src=\"https:\/\/ferienwohnung-freital-bei-dresden.de\/wp-content\/uploads\/2016\/10\/04-e1477631581195-150x150.jpg\" class=\"attachment-thumbnail size-thumbnail\" alt=\"\" \/><\/a>\n\t\t\t<\/dt><\/dl><dl class='gallery-item'>\n\t\t\t<dt class='gallery-icon portrait'>\n\t\t\t\t<a href='https:\/\/ferienwohnung-freital-bei-dresden.de\/?attachment_id=22#main'><img loading=\"lazy\" decoding=\"async\" width=\"150\" height=\"150\" src=\"https:\/\/ferienwohnung-freital-bei-dresden.de\/wp-content\/uploads\/2016\/10\/03-150x150.jpg\" class=\"attachment-thumbnail size-thumbnail\" alt=\"\" \/><\/a>\n\t\t\t<\/dt><\/dl><dl class='gallery-item'>\n\t\t\t<dt class='gallery-icon landscape'>\n\t\t\t\t<a href='https:\/\/ferienwohnung-freital-bei-dresden.de\/?attachment_id=19#main'><img loading=\"lazy\" decoding=\"async\" width=\"150\" height=\"150\" src=\"https:\/\/ferienwohnung-freital-bei-dresden.de\/wp-content\/uploads\/2016\/10\/1-e1477631594999-150x150.jpg\" class=\"attachment-thumbnail size-thumbnail\" alt=\"\" \/><\/a>\n\t\t\t<\/dt><\/dl><br style=\"clear: both\" \/><dl class='gallery-item'>\n\t\t\t<dt class='gallery-icon portrait'>\n\t\t\t\t<a href='https:\/\/ferienwohnung-freital-bei-dresden.de\/?attachment_id=79#main'><img loading=\"lazy\" decoding=\"async\" width=\"150\" height=\"150\" src=\"https:\/\/ferienwohnung-freital-bei-dresden.de\/wp-content\/uploads\/2016\/10\/image222222-e1478194722902-150x150.jpg\" class=\"attachment-thumbnail size-thumbnail\" alt=\"\" \/><\/a>\n\t\t\t<\/dt><\/dl><dl class='gallery-item'>\n\t\t\t<dt class='gallery-icon landscape'>\n\t\t\t\t<a href='https:\/\/ferienwohnung-freital-bei-dresden.de\/?attachment_id=27#main'><img loading=\"lazy\" decoding=\"async\" width=\"150\" height=\"150\" src=\"https:\/\/ferienwohnung-freital-bei-dresden.de\/wp-content\/uploads\/2016\/10\/image3-150x150.jpg\" class=\"attachment-thumbnail size-thumbnail\" alt=\"\" \/><\/a>\n\t\t\t<\/dt><\/dl><dl class='gallery-item'>\n\t\t\t<dt class='gallery-icon portrait'>\n\t\t\t\t<a href='https:\/\/ferienwohnung-freital-bei-dresden.de\/?attachment_id=78#main'><img loading=\"lazy\" decoding=\"async\" width=\"150\" height=\"150\" src=\"https:\/\/ferienwohnung-freital-bei-dresden.de\/wp-content\/uploads\/2016\/10\/image1111-e1478194739687-150x150.jpg\" class=\"attachment-thumbnail size-thumbnail\" alt=\"\" \/><\/a>\n\t\t\t<\/dt><\/dl><br style=\"clear: both\" \/><dl class='gallery-item'>\n\t\t\t<dt class='gallery-icon landscape'>\n\t\t\t\t<a href='https:\/\/ferienwohnung-freital-bei-dresden.de\/?attachment_id=28#main'><img loading=\"lazy\" decoding=\"async\" width=\"150\" height=\"150\" src=\"https:\/\/ferienwohnung-freital-bei-dresden.de\/wp-content\/uploads\/2016\/10\/image4-e1477631560266-150x150.jpg\" class=\"attachment-thumbnail size-thumbnail\" alt=\"\" \/><\/a>\n\t\t\t<\/dt><\/dl>\n\t\t\t<br style='clear: both' \/>\n\t\t<\/div>\n\n","protected":false},"excerpt":{"rendered":"","protected":false},"author":1,"featured_media":27,"parent":0,"menu_order":0,"comment_status":"closed","ping_status":"closed","template":"","meta":{"footnotes":""},"class_list":["post-7","page","type-page","status-publish","has-post-thumbnail","hentry"],"_links":{"self":[{"href":"https:\/\/ferienwohnung-freital-bei-dresden.de\/index.php?rest_route=\/wp\/v2\/pages\/7","targetHints":{"allow":["GET"]}}],"collection":[{"href":"https:\/\/ferienwohnung-freital-bei-dresden.de\/index.php?rest_route=\/wp\/v2\/pages"}],"about":[{"href":"https:\/\/ferienwohnung-freital-bei-dresden.de\/index.php?rest_route=\/wp\/v2\/types\/page"}],"author":[{"embeddable":true,"href":"https:\/\/ferienwohnung-freital-bei-dresden.de\/index.php?rest_route=\/wp\/v2\/users\/1"}],"replies":[{"embeddable":true,"href":"https:\/\/ferienwohnung-freital-bei-dresden.de\/index.php?rest_route=%2Fwp%2Fv2%2Fcomments&post=7"}],"version-history":[{"count":15,"href":"https:\/\/ferienwohnung-freital-bei-dresden.de\/index.php?rest_route=\/wp\/v2\/pages\/7\/revisions"}],"predecessor-version":[{"id":101,"href":"https:\/\/ferienwohnung-freital-bei-dresden.de\/index.php?rest_route=\/wp\/v2\/pages\/7\/revisions\/101"}],"wp:featuredmedia":[{"embeddable":true,"href":"https:\/\/ferienwohnung-freital-bei-dresden.de\/index.php?rest_route=\/wp\/v2\/media\/27"}],"wp:attachment":[{"href":"https:\/\/ferienwohnung-freital-bei-dresden.de\/index.php?rest_route=%2Fwp%2Fv2%2Fmedia&parent=7"}],"curies":[{"name":"wp","href":"https:\/\/api.w.org\/{rel}","templated":true}]}}