{"id":9,"date":"2016-10-17T14:37:24","date_gmt":"2016-10-17T14:37:24","guid":{"rendered":"http:\/\/ferienwohnung-freital-bei-dresden.de\/?page_id=9"},"modified":"2016-11-04T10:46:46","modified_gmt":"2016-11-04T10:46:46","slug":"agb","status":"publish","type":"page","link":"https:\/\/ferienwohnung-freital-bei-dresden.de\/?page_id=9","title":{"rendered":"AGB"},"content":{"rendered":"<p><!--more--><\/p>\n<p><strong>1. Geltungsbereich<\/strong><\/p>\n<p>1.1 Diese Gesch\u00e4ftsbedingungen gelten f\u00fcr Vertr\u00e4ge \u00fcber die mietweise \u00dcberlassung der Ferienwohnung zur Beherbergung, sowie alle f\u00fcr den Gast erbrachten weiteren Leistungen der Ferienwohnung. Sie k\u00f6nnen durch im Einzelfall ausgehandelte Bedingungen ersetzt werden. Diese AGB sind f\u00fcr jeden Gast der Ferienwohnung oder im Internetauftritt einsehbar.<br \/>\n1.2. Die Unter- oder Weitervermietung der \u00fcberlassenen Ferienwohnung sowie deren Nutzung zu anderen als Beherbergungszwecken bed\u00fcrfen der vorherigen schriftlichen Zustimmung des Vermieters.<br \/>\n1.3. Gesch\u00e4ftsbedingungen des Gastes finden nur Anwendung, wenn dies vorher vereinbart wurde.<br \/>\n<strong>2. Vertragsabschluss<\/strong><br \/>\n2.1. Der Beherbergungsvertrag gilt als abgeschlossen, wenn die Bereitstellung der Ferienwohnung vom Gast telefonisch, per E-Mail oder auf Wunsch auch auf dem Postweg reserviert und von uns best\u00e4tigt worden ist. Die Best\u00e4tigung durch den Vermieter kann ebenfalls telefonisch, per E-Mail, Fax oder auf Wunsch auch auf dem Postweg erfolgen.<br \/>\n2.2. Vertragspartner sind die Vermieterin, Kerstin M\u00fcller, und der Gast. Handelt ein Besteller im Auftrag oder f\u00fcr von ihm angemeldete G\u00e4ste, so hat er f\u00fcr die hierdurch begr\u00fcndeten Verbindlichkeiten und alle Verpflichtungen aus dem Vermietungsvertrag einzustehen.<br \/>\n<strong>3. Leistungen, Preise und Zahlungen<\/strong><br \/>\n3.1. Der Vermieter ist verpflichtet, die vom Gast bzw. Besteller gebuchte Ferienwohnung bereitzuhalten und die vereinbarten Leistungen zu erbringen.<br \/>\n3.2. Mit Erhalt der Buchungsbest\u00e4tigung werden 20 % des Mietpreises als Anzahlung sofort f\u00e4llig. Die Anzahlung wird auf den Mietpreis angerechnet. Geht der Anzahlungsbetrag nicht bis sp\u00e4testens 10 Tage nach Buchungsbest\u00e4tigung ein und wird nach Aufforderung und angemessener Fristsetzung keine Zahlung geleistet, so ist der Vermieter berechtigt, den Vertrag fristlos zu k\u00fcndigen und die Buchung zu stornieren. In diesem Fall wird der Vermieter die gem\u00e4\u00df Ziffer 4 berechneten Kosten als Schadenersatz geltend machen.<br \/>\nDer Restbetrag muss sp\u00e4testens 14 Tage vor Reisebeginn gezahlt sein (Zahlungseingang). Bei Buchung von weniger als 14 Tagen vor Reisebeginn ist der volle Preis sofort f\u00e4llig.<br \/>\nBei einer fr\u00fcheren Abreise bleibt der gesamte Betrag f\u00e4llig.<br \/>\n<strong>4. R\u00fccktritt des Kunden (Abbestellung, Stornierung)<\/strong><br \/>\n4.1. Ein R\u00fccktritt des Gastes von dem mit dem Vermieter geschlossenen Vertrag bedarf in jedem Fall der Schriftform. Ma\u00dfgebend f\u00fcr den R\u00fccktrittszeitpunkt und f\u00fcr die H\u00f6he der R\u00fccktrittskosten ist der Zugang der R\u00fccktrittserkl\u00e4rung beim Vermieter.<br \/>\nDie in der Regel (d.h. soweit kein Ersatzteilnehmer vorhanden) pauschalierten R\u00fccktrittskosten betragen f\u00fcr die Ferienwohnung<br \/>\n&#8211; bis zum 30. Tag vor Reisebeginn 25 %<br \/>\n&#8211; bis zum 22. Tag vor Reisebeginn 50 %<br \/>\n&#8211; bis zum 15. Tag vor Reisebeginn 80 %<br \/>\n&#8211; bei Nichtanreise 100 %<br \/>\nDes gesamten Rechnungsbetrages.<br \/>\nWir empfehlen Ihnen den Abschluss einer Reiser\u00fccktrittskostenversicherung.<br \/>\n4.2. Dem Gast steht der Nachweis frei, dass kein Schaden entstanden oder der der Pension entstandene Schaden niedriger als die geforderte Pauschale ist.<br \/>\n<strong>5. Aufhebung des Vertrages wegen au\u00dfergew\u00f6hnlicher Umst\u00e4nde<\/strong><br \/>\n5.1. Wird die Buchung infolge h\u00f6herer Gewalt (z.B. durch Krieg, innere Unruhen, Naturkatastrophen oder Epidemien) erheblich erschwert, gef\u00e4hrdet oder beeintr\u00e4chtigt, so k\u00f6nne sowohl der Gast als auch der Vermieter den Vertrag k\u00fcndigen. Bei K\u00fcndigung vor Reisebeginn erh\u00e4lt der Reiseteilnehmer den gezahlten Reisepreis unverz\u00fcglich zur\u00fcck. Ein weitergehender Anspruch besteht nicht. Der Vermieter kann jedoch f\u00fcr erbrachte Leistungen ein Entgelt verlangen.<br \/>\n5.2. Ergeben sich die genannten Umst\u00e4nde nach Antritt der Reise, kann der Vertrag ebenfalls von beiden Seiten gek\u00fcndigt werden. In diesem Fall wird der Vermieter die infolge der Aufhebung des Vertrages notwendigen Ma\u00dfnahmen treffen.<br \/>\n5.3. Der Vermieter kann den Vertrag ohne Einhaltung einer Frist k\u00fcndigen, wenn der Gast ungeachtet einer Abmahnung des Vermieters nachhaltig st\u00f6rt oder wenn er sich in solchem Ma\u00df vertragswidrig verh\u00e4lt, dass die sofortige Aufhebung des Vertrages gerechtfertigt ist. K\u00fcndigt der Vermieter, so beh\u00e4lt er den Anspruch auf den Reisepreis; er muss sich jedoch den Wert der ersparten Aufwendungen anrechnen lassen.<br \/>\n<strong>6. Zimmerbereitstellung, -\u00fcbergabe und -r\u00fcckgabe<\/strong><br \/>\n6.1. Anreise: Die Ferienwohnung kann zwischen 15 und 18 Uhr bezogen werden. In jedem Fall ist eine Absprache mit dem Vermieter erforderlich.<br \/>\n6.2. Abreise: Am vereinbarten Abreisetag ist die Ferienwohnung sp\u00e4testens um 11.00 Uhr ger\u00e4umt zur Verf\u00fcgung zu stellen.<br \/>\n<strong>7. Haftungen<\/strong><br \/>\n7.1. Der Gast oder Vertragspartner haftet gegen\u00fcber dem Vermieter f\u00fcr die von ihm oder seinen G\u00e4sten verursachten Sch\u00e4den.<br \/>\n7.2. Vermieter haftet gegen\u00fcber dem Gast bzw. dem Vertragspartner nicht, wenn die Leistungserbringung infolge h\u00f6herer Gewalt unm\u00f6glich wird. Der Vermieter bem\u00fcht sich in diesen F\u00e4llen um eine anderweitige Beschaffung gleichwertiger Leistungen.<br \/>\n7.3. Es obliegt dem Gast, mitgebrachte Gegenst\u00e4nde gegen Diebstahl, Besch\u00e4digungen oder Zerst\u00f6rung zu versichern. Eine Haftung der Ferienwohnung bei deren Verlust, Diebstahl, Besch\u00e4digung oder Zerst\u00f6rung wird ausgeschlossen.<br \/>\n7.4. Sollten St\u00f6rungen oder M\u00e4ngel an den Leistungen der Ferienwohnung auftreten, wird der Vermieter bei Kenntnis bem\u00fcht sein, f\u00fcr Abhilfe zu sorgen. Der Gast seinerseits ist verpflichtet, das ihm Zumutbare beizutragen, um die St\u00f6rung zu beheben und einen m\u00f6glichen Schaden gering zu halten. Die Haftungsanspr\u00fcche erl\u00f6schen, wenn der Gast nicht unverz\u00fcglich nach Erlangen der Kenntnis von Verlust, Zerst\u00f6rung oder Besch\u00e4digung dem Vermieter Anzeige macht.<br \/>\n7.5. Soweit der Gast von der eingeschr\u00e4nkten Parkm\u00f6glichkeit auf dem Grundst\u00fcck Wilsdruffer Str. 71, Gebrauch macht, kommt dadurch kein Verwahrungsvertrag zustande. Bei Abhandenkommen oder Besch\u00e4digung auf dem Grundst\u00fcck abgestellter PKW haftet der Vermieter nicht.<br \/>\n<strong>8. Schlussbestimmungen<\/strong><br \/>\n8.1. Erf\u00fcllungs- und Zahlungsort sowie Gerichtsstand ist der Sitz des Vermieters: Freital<br \/>\n8.2. Sollten einzelne Bestimmungen dieser Allgemeinen Gesch\u00e4ftsbedingungen f\u00fcr den Beherbergungsvertrag unwirksam oder nichtig sein oder werden, so wird dadurch die Wirksamkeit der \u00fcbrigen Bestimmungen nicht ber\u00fchrt. Im \u00dcbrigen gelten die gesetzlichen Vorschriften.<\/p>\n","protected":false},"excerpt":{"rendered":"","protected":false},"author":1,"featured_media":20,"parent":0,"menu_order":3,"comment_status":"closed","ping_status":"closed","template":"","meta":{"footnotes":""},"class_list":["post-9","page","type-page","status-publish","has-post-thumbnail","hentry"],"_links":{"self":[{"href":"https:\/\/ferienwohnung-freital-bei-dresden.de\/index.php?rest_route=\/wp\/v2\/pages\/9","targetHints":{"allow":["GET"]}}],"collection":[{"href":"https:\/\/ferienwohnung-freital-bei-dresden.de\/index.php?rest_route=\/wp\/v2\/pages"}],"about":[{"href":"https:\/\/ferienwohnung-freital-bei-dresden.de\/index.php?rest_route=\/wp\/v2\/types\/page"}],"author":[{"embeddable":true,"href":"https:\/\/ferienwohnung-freital-bei-dresden.de\/index.php?rest_route=\/wp\/v2\/users\/1"}],"replies":[{"embeddable":true,"href":"https:\/\/ferienwohnung-freital-bei-dresden.de\/index.php?rest_route=%2Fwp%2Fv2%2Fcomments&post=9"}],"version-history":[{"count":3,"href":"https:\/\/ferienwohnung-freital-bei-dresden.de\/index.php?rest_route=\/wp\/v2\/pages\/9\/revisions"}],"predecessor-version":[{"id":88,"href":"https:\/\/ferienwohnung-freital-bei-dresden.de\/index.php?rest_route=\/wp\/v2\/pages\/9\/revisions\/88"}],"wp:featuredmedia":[{"embeddable":true,"href":"https:\/\/ferienwohnung-freital-bei-dresden.de\/index.php?rest_route=\/wp\/v2\/media\/20"}],"wp:attachment":[{"href":"https:\/\/ferienwohnung-freital-bei-dresden.de\/index.php?rest_route=%2Fwp%2Fv2%2Fmedia&parent=9"}],"curies":[{"name":"wp","href":"https:\/\/api.w.org\/{rel}","templated":true}]}}